{"id":16107,"date":"2023-06-27T15:05:14","date_gmt":"2023-06-27T13:05:14","guid":{"rendered":"https:\/\/www.carfibreglass.com\/?page_id=16107"},"modified":"2023-06-27T15:05:14","modified_gmt":"2023-06-27T13:05:14","slug":"download","status":"publish","type":"page","link":"https:\/\/www.carfibreglass.com\/fr\/download\/","title":{"rendered":"Download"},"content":{"rendered":"<p><div class=\"fusion-fullwidth fullwidth-box fusion-builder-row-1 fusion-flex-container has-pattern-background has-mask-background nonhundred-percent-fullwidth non-hundred-percent-height-scrolling\" style=\"--awb-border-radius-top-left:0px;--awb-border-radius-top-right:0px;--awb-border-radius-bottom-right:0px;--awb-border-radius-bottom-left:0px;--awb-padding-top:60px;--awb-padding-bottom:60px;--awb-flex-wrap:wrap;\" ><div class=\"fusion-builder-row fusion-row fusion-flex-align-items-center fusion-flex-content-wrap\" style=\"max-width:calc( 1200px + 80px );margin-left: calc(-80px \/ 2 );margin-right: calc(-80px \/ 2 );\"><div class=\"fusion-layout-column fusion_builder_column fusion-builder-column-0 fusion_builder_column_1_2 1_2 fusion-flex-column fusion-animated no-padding-tablet\" style=\"--awb-bg-size:cover;--awb-width-large:50%;--awb-margin-top-large:0px;--awb-spacing-right-large:40px;--awb-margin-bottom-large:0px;--awb-spacing-left-large:40px;--awb-width-medium:100%;--awb-order-medium:0;--awb-spacing-right-medium:40px;--awb-spacing-left-medium:40px;--awb-width-small:100%;--awb-order-small:0;--awb-spacing-right-small:40px;--awb-spacing-left-small:40px;\" data-animationType=\"fadeInLeft\" data-animationDuration=\"1.0\" data-animationOffset=\"top-into-view\"><div class=\"fusion-column-wrapper fusion-column-has-shadow fusion-flex-justify-content-center fusion-content-layout-column\"><div class=\"fusion-image-element \" style=\"text-align:center;--awb-caption-title-font-family:var(--h2_typography-font-family);--awb-caption-title-font-weight:var(--h2_typography-font-weight);--awb-caption-title-font-style:var(--h2_typography-font-style);--awb-caption-title-size:var(--h2_typography-font-size);--awb-caption-title-transform:var(--h2_typography-text-transform);--awb-caption-title-line-height:var(--h2_typography-line-height);--awb-caption-title-letter-spacing:var(--h2_typography-letter-spacing);\"><span class=\" fusion-imageframe imageframe-none imageframe-1 hover-type-none\"><img decoding=\"async\" width=\"1024\" height=\"601\" title=\"Download_image3ante\" src=\"https:\/\/www.carfibreglass.com\/wp-content\/uploads\/2023\/06\/Download_image3ante-1024x601.png\" alt class=\"img-responsive wp-image-16113\" srcset=\"https:\/\/www.carfibreglass.com\/wp-content\/uploads\/2023\/06\/Download_image3ante-200x117.png 200w, https:\/\/www.carfibreglass.com\/wp-content\/uploads\/2023\/06\/Download_image3ante-400x235.png 400w, https:\/\/www.carfibreglass.com\/wp-content\/uploads\/2023\/06\/Download_image3ante-600x352.png 600w, https:\/\/www.carfibreglass.com\/wp-content\/uploads\/2023\/06\/Download_image3ante-800x469.png 800w, https:\/\/www.carfibreglass.com\/wp-content\/uploads\/2023\/06\/Download_image3ante-1200x704.png 1200w\" sizes=\"(max-width: 991px) 100vw, (max-width: 767px) 100vw, 600px\" \/><\/span><\/div><\/div><\/div><div class=\"fusion-layout-column fusion_builder_column fusion-builder-column-1 fusion_builder_column_1_2 1_2 fusion-flex-column fusion-animated no-padding-tablet\" style=\"--awb-padding-left:80px;--awb-bg-size:cover;--awb-width-large:50%;--awb-margin-top-large:0px;--awb-spacing-right-large:40px;--awb-margin-bottom-large:0px;--awb-spacing-left-large:40px;--awb-width-medium:100%;--awb-order-medium:0;--awb-spacing-right-medium:40px;--awb-spacing-left-medium:40px;--awb-width-small:100%;--awb-order-small:0;--awb-spacing-right-small:40px;--awb-spacing-left-small:40px;\" data-animationType=\"fadeInLeft\" data-animationDuration=\"1.0\" data-animationOffset=\"top-into-view\"><div class=\"fusion-column-wrapper fusion-column-has-shadow fusion-flex-justify-content-center fusion-content-layout-column\"><div class=\"fusion-title title fusion-title-1 fusion-sep-none fusion-title-text fusion-title-size-two\" style=\"--awb-text-color:#005292;--awb-margin-top:0px;--awb-margin-top-small:0px;--awb-margin-right-small:0px;--awb-margin-bottom-small:10px;--awb-margin-left-small:0px;\"><h2 class=\"fusion-title-heading title-heading-left\" style=\"margin:0;\">La nouvelle brochure Car Fibreglass<\/h2><\/div><div class=\"fusion-text fusion-text-1\"><p style=\"text-align: left;\">T\u00e9l\u00e9chargez ici le PDF pour en savoir plus sur notre entreprise et nos produits.<\/p>\n<\/div><div ><a class=\"fusion-button button-flat fusion-button-default-size button-default fusion-button-default button-1 fusion-button-default-span fusion-button-default-type\" target=\"_blank\" rel=\"noopener noreferrer\" href=\"https:\/\/www.carfibreglass.com\/wp-content\/uploads\/2023\/06\/CAR-Cat2023_WEB.pdf\"><span class=\"fusion-button-text awb-button__text awb-button__text--default\">Download<\/span><\/a><\/div><\/div><\/div><\/div><\/div><div class=\"fusion-fullwidth fullwidth-box fusion-builder-row-2 fusion-flex-container has-pattern-background has-mask-background nonhundred-percent-fullwidth non-hundred-percent-height-scrolling\" style=\"--awb-border-radius-top-left:0px;--awb-border-radius-top-right:0px;--awb-border-radius-bottom-right:0px;--awb-border-radius-bottom-left:0px;--awb-padding-top:60px;--awb-padding-bottom:60px;--awb-background-color:#f6f6f6;--awb-flex-wrap:wrap;\" ><div class=\"fusion-builder-row fusion-row fusion-flex-align-items-center fusion-flex-content-wrap\" style=\"max-width:calc( 1200px + 80px );margin-left: calc(-80px \/ 2 );margin-right: calc(-80px \/ 2 );\"><div class=\"fusion-layout-column fusion_builder_column fusion-builder-column-2 fusion_builder_column_1_2 1_2 fusion-flex-column fusion-animated no-padding-tablet\" style=\"--awb-bg-size:cover;--awb-width-large:50%;--awb-margin-top-large:0px;--awb-spacing-right-large:40px;--awb-margin-bottom-large:0px;--awb-spacing-left-large:40px;--awb-width-medium:100%;--awb-order-medium:0;--awb-spacing-right-medium:40px;--awb-spacing-left-medium:40px;--awb-width-small:100%;--awb-order-small:0;--awb-spacing-right-small:40px;--awb-spacing-left-small:40px;\" data-animationType=\"fadeInLeft\" data-animationDuration=\"1.0\" data-animationOffset=\"top-into-view\"><div class=\"fusion-column-wrapper fusion-column-has-shadow fusion-flex-justify-content-center fusion-content-layout-column\"><div class=\"fusion-image-element \" style=\"text-align:center;--awb-max-width:350px;--awb-caption-title-font-family:var(--h2_typography-font-family);--awb-caption-title-font-weight:var(--h2_typography-font-weight);--awb-caption-title-font-style:var(--h2_typography-font-style);--awb-caption-title-size:var(--h2_typography-font-size);--awb-caption-title-transform:var(--h2_typography-text-transform);--awb-caption-title-line-height:var(--h2_typography-line-height);--awb-caption-title-letter-spacing:var(--h2_typography-letter-spacing);\"><span class=\" fusion-imageframe imageframe-none imageframe-2 hover-type-none\"><img decoding=\"async\" width=\"1024\" height=\"891\" title=\"Download_imageCAR\" src=\"https:\/\/www.carfibreglass.com\/wp-content\/uploads\/2023\/06\/Download_imageCAR-1024x891.png\" alt class=\"img-responsive wp-image-16122\" srcset=\"https:\/\/www.carfibreglass.com\/wp-content\/uploads\/2023\/06\/Download_imageCAR-200x174.png 200w, https:\/\/www.carfibreglass.com\/wp-content\/uploads\/2023\/06\/Download_imageCAR-400x348.png 400w, https:\/\/www.carfibreglass.com\/wp-content\/uploads\/2023\/06\/Download_imageCAR-600x522.png 600w, https:\/\/www.carfibreglass.com\/wp-content\/uploads\/2023\/06\/Download_imageCAR-800x696.png 800w, https:\/\/www.carfibreglass.com\/wp-content\/uploads\/2023\/06\/Download_imageCAR-1200x1044.png 1200w, https:\/\/www.carfibreglass.com\/wp-content\/uploads\/2023\/06\/Download_imageCAR.png 1500w\" sizes=\"(max-width: 991px) 100vw, (max-width: 767px) 100vw, 600px\" \/><\/span><\/div><\/div><\/div><div class=\"fusion-layout-column fusion_builder_column fusion-builder-column-3 fusion_builder_column_1_2 1_2 fusion-flex-column fusion-animated no-padding-tablet\" style=\"--awb-padding-left:80px;--awb-bg-size:cover;--awb-width-large:50%;--awb-margin-top-large:0px;--awb-spacing-right-large:40px;--awb-margin-bottom-large:0px;--awb-spacing-left-large:40px;--awb-width-medium:100%;--awb-order-medium:0;--awb-spacing-right-medium:40px;--awb-spacing-left-medium:40px;--awb-width-small:100%;--awb-order-small:0;--awb-spacing-right-small:40px;--awb-spacing-left-small:40px;\" data-animationType=\"fadeInLeft\" data-animationDuration=\"1.0\" data-animationOffset=\"top-into-view\"><div class=\"fusion-column-wrapper fusion-column-has-shadow fusion-flex-justify-content-center fusion-content-layout-column\"><div class=\"fusion-title title fusion-title-2 fusion-sep-none fusion-title-text fusion-title-size-two\" style=\"--awb-text-color:#005292;--awb-margin-top:0px;--awb-margin-top-small:0px;--awb-margin-right-small:0px;--awb-margin-bottom-small:10px;--awb-margin-left-small:0px;\"><h2 class=\"fusion-title-heading title-heading-left\" style=\"margin:0;\">La nouvelle brochure Cover Car Fibreglass<\/h2><\/div><div class=\"fusion-text fusion-text-2\"><p style=\"text-align: left;\">T\u00e9l\u00e9chargez ici le PDF pour toutes les infos concernant nos am\u00e9nagements Cover.<\/p>\n<\/div><div ><a class=\"fusion-button button-flat fusion-button-default-size button-default fusion-button-default button-2 fusion-button-default-span fusion-button-default-type\" target=\"_blank\" rel=\"noopener noreferrer\" href=\"https:\/\/www.carfibreglass.com\/wp-content\/uploads\/2023\/06\/CAR-COVER_Cat2023_WEB.pdf\"><span class=\"fusion-button-text awb-button__text awb-button__text--default\">Download<\/span><\/a><\/div><\/div><\/div><\/div><\/div><div class=\"fusion-fullwidth fullwidth-box fusion-builder-row-3 fusion-flex-container has-pattern-background has-mask-background nonhundred-percent-fullwidth non-hundred-percent-height-scrolling\" style=\"--awb-border-radius-top-left:0px;--awb-border-radius-top-right:0px;--awb-border-radius-bottom-right:0px;--awb-border-radius-bottom-left:0px;--awb-padding-top:60px;--awb-padding-bottom:60px;--awb-flex-wrap:wrap;\" ><div class=\"fusion-builder-row fusion-row fusion-flex-align-items-center fusion-flex-content-wrap\" style=\"max-width:calc( 1200px + 80px );margin-left: calc(-80px \/ 2 );margin-right: calc(-80px \/ 2 );\"><div class=\"fusion-layout-column fusion_builder_column fusion-builder-column-4 fusion_builder_column_1_2 1_2 fusion-flex-column fusion-animated no-padding-tablet\" style=\"--awb-bg-size:cover;--awb-width-large:50%;--awb-margin-top-large:0px;--awb-spacing-right-large:40px;--awb-margin-bottom-large:0px;--awb-spacing-left-large:40px;--awb-width-medium:100%;--awb-order-medium:0;--awb-spacing-right-medium:40px;--awb-spacing-left-medium:40px;--awb-width-small:100%;--awb-order-small:0;--awb-spacing-right-small:40px;--awb-spacing-left-small:40px;\" data-animationType=\"fadeInLeft\" data-animationDuration=\"1.0\" data-animationOffset=\"top-into-view\"><div class=\"fusion-column-wrapper fusion-column-has-shadow fusion-flex-justify-content-center fusion-content-layout-column\"><div class=\"fusion-image-element \" style=\"text-align:center;--awb-max-width:350px;--awb-caption-title-font-family:var(--h2_typography-font-family);--awb-caption-title-font-weight:var(--h2_typography-font-weight);--awb-caption-title-font-style:var(--h2_typography-font-style);--awb-caption-title-size:var(--h2_typography-font-size);--awb-caption-title-transform:var(--h2_typography-text-transform);--awb-caption-title-line-height:var(--h2_typography-line-height);--awb-caption-title-letter-spacing:var(--h2_typography-letter-spacing);\"><span class=\" fusion-imageframe imageframe-none imageframe-3 hover-type-none\"><img decoding=\"async\" width=\"1024\" height=\"891\" title=\"Download_imageBRBNI\" src=\"https:\/\/www.carfibreglass.com\/wp-content\/uploads\/2023\/06\/Download_imageBRBNI-1024x891.png\" alt class=\"img-responsive wp-image-16128\" srcset=\"https:\/\/www.carfibreglass.com\/wp-content\/uploads\/2023\/06\/Download_imageBRBNI-200x174.png 200w, https:\/\/www.carfibreglass.com\/wp-content\/uploads\/2023\/06\/Download_imageBRBNI-400x348.png 400w, https:\/\/www.carfibreglass.com\/wp-content\/uploads\/2023\/06\/Download_imageBRBNI-600x522.png 600w, https:\/\/www.carfibreglass.com\/wp-content\/uploads\/2023\/06\/Download_imageBRBNI-800x696.png 800w, https:\/\/www.carfibreglass.com\/wp-content\/uploads\/2023\/06\/Download_imageBRBNI-1200x1044.png 1200w, https:\/\/www.carfibreglass.com\/wp-content\/uploads\/2023\/06\/Download_imageBRBNI.png 1500w\" sizes=\"(max-width: 991px) 100vw, (max-width: 767px) 100vw, 600px\" \/><\/span><\/div><\/div><\/div><div class=\"fusion-layout-column fusion_builder_column fusion-builder-column-5 fusion_builder_column_1_2 1_2 fusion-flex-column fusion-animated no-padding-tablet\" style=\"--awb-padding-left:80px;--awb-bg-size:cover;--awb-width-large:50%;--awb-margin-top-large:0px;--awb-spacing-right-large:40px;--awb-margin-bottom-large:0px;--awb-spacing-left-large:40px;--awb-width-medium:100%;--awb-order-medium:0;--awb-spacing-right-medium:40px;--awb-spacing-left-medium:40px;--awb-width-small:100%;--awb-order-small:0;--awb-spacing-right-small:40px;--awb-spacing-left-small:40px;\" data-animationType=\"fadeInLeft\" data-animationDuration=\"1.0\" data-animationOffset=\"top-into-view\"><div class=\"fusion-column-wrapper fusion-column-has-shadow fusion-flex-justify-content-center fusion-content-layout-column\"><div class=\"fusion-title title fusion-title-3 fusion-sep-none fusion-title-text fusion-title-size-two\" style=\"--awb-text-color:#005292;--awb-margin-top:0px;--awb-margin-top-small:0px;--awb-margin-right-small:0px;--awb-margin-bottom-small:10px;--awb-margin-left-small:0px;\"><h2 class=\"fusion-title-heading title-heading-left\" style=\"margin:0;\">La nouvelle brochure BRBNI<\/h2><\/div><div class=\"fusion-text fusion-text-3\"><p style=\"text-align: left;\">T\u00e9l\u00e9chargez ici le PDF pour toutes les infos relatives aux composants ABS.<\/p>\n<\/div><div ><a class=\"fusion-button button-flat fusion-button-default-size button-default fusion-button-default button-3 fusion-button-default-span fusion-button-default-type\" target=\"_blank\" rel=\"noopener noreferrer\" href=\"https:\/\/www.carfibreglass.com\/wp-content\/uploads\/2022\/12\/BRBNI-Brochure24_WEB.pdf\"><span class=\"fusion-button-text awb-button__text awb-button__text--default\">Download<\/span><\/a><\/div><\/div><\/div><\/div><\/div><\/p>\n","protected":false},"excerpt":{"rendered":"","protected":false},"author":1,"featured_media":0,"parent":0,"menu_order":0,"comment_status":"closed","ping_status":"closed","template":"100-width.php","meta":{"_joinchat":[],"footnotes":""},"class_list":["post-16107","page","type-page","status-publish","hentry"],"yoast_head":"<!-- This site is optimized with the Yoast SEO plugin v27.6 - https:\/\/yoast.com\/product\/yoast-seo-wordpress\/ -->\n<title>Trasformiamo veicoli commerciali leggeri - CAR FIBREGLASS<\/title>\n<meta name=\"description\" content=\"Seguiamo l&#039;intero processo di produzione, dalla progettazione all\u2019installazione del prodotto sul veicolo fino ai test di validazione.\" \/>\n<meta name=\"robots\" content=\"index, follow, max-snippet:-1, max-image-preview:large, max-video-preview:-1\" \/>\n<link rel=\"canonical\" href=\"https:\/\/www.carfibreglass.com\/fr\/download\/\" \/>\n<meta property=\"og:locale\" content=\"fr_FR\" \/>\n<meta property=\"og:type\" content=\"article\" \/>\n<meta property=\"og:title\" content=\"Trasformiamo veicoli commerciali leggeri - CAR FIBREGLASS\" \/>\n<meta property=\"og:description\" content=\"Seguiamo l&#039;intero processo di produzione, dalla progettazione all\u2019installazione del prodotto sul veicolo fino ai test di validazione.\" \/>\n<meta property=\"og:url\" content=\"https:\/\/www.carfibreglass.com\/fr\/download\/\" \/>\n<meta property=\"og:site_name\" content=\"CAR FIBREGLASS\" \/>\n<meta property=\"article:publisher\" content=\"https:\/\/www.facebook.com\/carfibreglass\/?locale=it_IT\" \/>\n<meta name=\"twitter:card\" content=\"summary_large_image\" \/>\n<meta name=\"twitter:label1\" content=\"Dur\u00e9e de lecture estim\u00e9e\" \/>\n\t<meta name=\"twitter:data1\" content=\"12 minutes\" \/>\n<script type=\"application\/ld+json\" class=\"yoast-schema-graph\">{\"@context\":\"https:\\\/\\\/schema.org\",\"@graph\":[{\"@type\":\"WebPage\",\"@id\":\"https:\\\/\\\/www.carfibreglass.com\\\/fr\\\/download\\\/\",\"url\":\"https:\\\/\\\/www.carfibreglass.com\\\/fr\\\/download\\\/\",\"name\":\"Trasformiamo veicoli commerciali leggeri - CAR FIBREGLASS\",\"isPartOf\":{\"@id\":\"https:\\\/\\\/www.carfibreglass.com\\\/#website\"},\"datePublished\":\"2023-06-27T13:05:14+00:00\",\"description\":\"Seguiamo l'intero processo di produzione, dalla progettazione all\u2019installazione del prodotto sul veicolo fino ai test di validazione.\",\"breadcrumb\":{\"@id\":\"https:\\\/\\\/www.carfibreglass.com\\\/fr\\\/download\\\/#breadcrumb\"},\"inLanguage\":\"fr-FR\",\"potentialAction\":[{\"@type\":\"ReadAction\",\"target\":[\"https:\\\/\\\/www.carfibreglass.com\\\/fr\\\/download\\\/\"]}]},{\"@type\":\"BreadcrumbList\",\"@id\":\"https:\\\/\\\/www.carfibreglass.com\\\/fr\\\/download\\\/#breadcrumb\",\"itemListElement\":[{\"@type\":\"ListItem\",\"position\":1,\"name\":\"Home\",\"item\":\"https:\\\/\\\/www.carfibreglass.com\\\/fr\\\/\"},{\"@type\":\"ListItem\",\"position\":2,\"name\":\"Download\"}]},{\"@type\":\"WebSite\",\"@id\":\"https:\\\/\\\/www.carfibreglass.com\\\/#website\",\"url\":\"https:\\\/\\\/www.carfibreglass.com\\\/\",\"name\":\"CAR FIBREGLASS\",\"description\":\"Allestimenti per veicoli commerciali\",\"publisher\":{\"@id\":\"https:\\\/\\\/www.carfibreglass.com\\\/#organization\"},\"potentialAction\":[{\"@type\":\"SearchAction\",\"target\":{\"@type\":\"EntryPoint\",\"urlTemplate\":\"https:\\\/\\\/www.carfibreglass.com\\\/?s={search_term_string}\"},\"query-input\":{\"@type\":\"PropertyValueSpecification\",\"valueRequired\":true,\"valueName\":\"search_term_string\"}}],\"inLanguage\":\"fr-FR\"},{\"@type\":\"Organization\",\"@id\":\"https:\\\/\\\/www.carfibreglass.com\\\/#organization\",\"name\":\"CAR FIBREGLASS\",\"url\":\"https:\\\/\\\/www.carfibreglass.com\\\/\",\"logo\":{\"@type\":\"ImageObject\",\"inLanguage\":\"fr-FR\",\"@id\":\"https:\\\/\\\/www.carfibreglass.com\\\/#\\\/schema\\\/logo\\\/image\\\/\",\"url\":\"https:\\\/\\\/www.carfibreglass.com\\\/wp-content\\\/uploads\\\/2026\\\/01\\\/COVERAES.png\",\"contentUrl\":\"https:\\\/\\\/www.carfibreglass.com\\\/wp-content\\\/uploads\\\/2026\\\/01\\\/COVERAES.png\",\"width\":600,\"height\":150,\"caption\":\"CAR FIBREGLASS\"},\"image\":{\"@id\":\"https:\\\/\\\/www.carfibreglass.com\\\/#\\\/schema\\\/logo\\\/image\\\/\"},\"sameAs\":[\"https:\\\/\\\/www.facebook.com\\\/carfibreglass\\\/?locale=it_IT\",\"https:\\\/\\\/www.instagram.com\\\/carfibreglass\\\/\",\"https:\\\/\\\/it.linkedin.com\\\/company\\\/car-fibreglass-srl\"]}]}<\/script>\n<!-- \/ Yoast SEO plugin. -->","yoast_head_json":{"title":"Trasformiamo veicoli commerciali leggeri - CAR FIBREGLASS","description":"Seguiamo l'intero processo di produzione, dalla progettazione all\u2019installazione del prodotto sul veicolo fino ai test di validazione.","robots":{"index":"index","follow":"follow","max-snippet":"max-snippet:-1","max-image-preview":"max-image-preview:large","max-video-preview":"max-video-preview:-1"},"canonical":"https:\/\/www.carfibreglass.com\/fr\/download\/","og_locale":"fr_FR","og_type":"article","og_title":"Trasformiamo veicoli commerciali leggeri - CAR FIBREGLASS","og_description":"Seguiamo l'intero processo di produzione, dalla progettazione all\u2019installazione del prodotto sul veicolo fino ai test di validazione.","og_url":"https:\/\/www.carfibreglass.com\/fr\/download\/","og_site_name":"CAR FIBREGLASS","article_publisher":"https:\/\/www.facebook.com\/carfibreglass\/?locale=it_IT","twitter_card":"summary_large_image","twitter_misc":{"Dur\u00e9e de lecture estim\u00e9e":"12 minutes"},"schema":{"@context":"https:\/\/schema.org","@graph":[{"@type":"WebPage","@id":"https:\/\/www.carfibreglass.com\/fr\/download\/","url":"https:\/\/www.carfibreglass.com\/fr\/download\/","name":"Trasformiamo veicoli commerciali leggeri - CAR FIBREGLASS","isPartOf":{"@id":"https:\/\/www.carfibreglass.com\/#website"},"datePublished":"2023-06-27T13:05:14+00:00","description":"Seguiamo l'intero processo di produzione, dalla progettazione all\u2019installazione del prodotto sul veicolo fino ai test di validazione.","breadcrumb":{"@id":"https:\/\/www.carfibreglass.com\/fr\/download\/#breadcrumb"},"inLanguage":"fr-FR","potentialAction":[{"@type":"ReadAction","target":["https:\/\/www.carfibreglass.com\/fr\/download\/"]}]},{"@type":"BreadcrumbList","@id":"https:\/\/www.carfibreglass.com\/fr\/download\/#breadcrumb","itemListElement":[{"@type":"ListItem","position":1,"name":"Home","item":"https:\/\/www.carfibreglass.com\/fr\/"},{"@type":"ListItem","position":2,"name":"Download"}]},{"@type":"WebSite","@id":"https:\/\/www.carfibreglass.com\/#website","url":"https:\/\/www.carfibreglass.com\/","name":"CAR FIBREGLASS","description":"Allestimenti per veicoli commerciali","publisher":{"@id":"https:\/\/www.carfibreglass.com\/#organization"},"potentialAction":[{"@type":"SearchAction","target":{"@type":"EntryPoint","urlTemplate":"https:\/\/www.carfibreglass.com\/?s={search_term_string}"},"query-input":{"@type":"PropertyValueSpecification","valueRequired":true,"valueName":"search_term_string"}}],"inLanguage":"fr-FR"},{"@type":"Organization","@id":"https:\/\/www.carfibreglass.com\/#organization","name":"CAR FIBREGLASS","url":"https:\/\/www.carfibreglass.com\/","logo":{"@type":"ImageObject","inLanguage":"fr-FR","@id":"https:\/\/www.carfibreglass.com\/#\/schema\/logo\/image\/","url":"https:\/\/www.carfibreglass.com\/wp-content\/uploads\/2026\/01\/COVERAES.png","contentUrl":"https:\/\/www.carfibreglass.com\/wp-content\/uploads\/2026\/01\/COVERAES.png","width":600,"height":150,"caption":"CAR FIBREGLASS"},"image":{"@id":"https:\/\/www.carfibreglass.com\/#\/schema\/logo\/image\/"},"sameAs":["https:\/\/www.facebook.com\/carfibreglass\/?locale=it_IT","https:\/\/www.instagram.com\/carfibreglass\/","https:\/\/it.linkedin.com\/company\/car-fibreglass-srl"]}]}},"_links":{"self":[{"href":"https:\/\/www.carfibreglass.com\/fr\/wp-json\/wp\/v2\/pages\/16107","targetHints":{"allow":["GET"]}}],"collection":[{"href":"https:\/\/www.carfibreglass.com\/fr\/wp-json\/wp\/v2\/pages"}],"about":[{"href":"https:\/\/www.carfibreglass.com\/fr\/wp-json\/wp\/v2\/types\/page"}],"author":[{"embeddable":true,"href":"https:\/\/www.carfibreglass.com\/fr\/wp-json\/wp\/v2\/users\/1"}],"replies":[{"embeddable":true,"href":"https:\/\/www.carfibreglass.com\/fr\/wp-json\/wp\/v2\/comments?post=16107"}],"version-history":[{"count":2,"href":"https:\/\/www.carfibreglass.com\/fr\/wp-json\/wp\/v2\/pages\/16107\/revisions"}],"predecessor-version":[{"id":16193,"href":"https:\/\/www.carfibreglass.com\/fr\/wp-json\/wp\/v2\/pages\/16107\/revisions\/16193"}],"wp:attachment":[{"href":"https:\/\/www.carfibreglass.com\/fr\/wp-json\/wp\/v2\/media?parent=16107"}],"curies":[{"name":"wp","href":"https:\/\/api.w.org\/{rel}","templated":true}]}}